{"id":69,"date":"2022-10-09T11:10:27","date_gmt":"2022-10-09T10:10:27","guid":{"rendered":"https:\/\/wecycle.sanktjoseph.dk\/?page_id=69"},"modified":"2022-10-13T13:41:59","modified_gmt":"2022-10-13T11:41:59","slug":"oversigt-over-vaerksteder","status":"publish","type":"page","link":"https:\/\/wecycle.sanktjoseph.dk\/?page_id=69","title":{"rendered":"Program"},"content":{"rendered":"\n<p class=\"has-white-background-color has-background\">Torsdag den 13. oktober 2022 fra kl. 15.00<\/p>\n\n\n\n<figure class=\"wp-block-table is-style-stripes\"><table><tbody><tr><td><strong>Vigtige tider:<\/strong><\/td><\/tr><tr><td><strong>KL 15:00<\/strong>                    Indgangen \u00e5bnes    <\/td><\/tr><tr><td><strong>KL 15:45 og 16:45<\/strong>     Musical (5. til 8. klasse optr\u00e6der) i teatersalen (pris 20 kr.)<\/td><\/tr><tr><td><strong>KL 16:00 og 16:45     <\/strong>Teater (1. til 8. klasse optr\u00e6der) i Musiklokalet (10 kr.\/ voksen &#8211; 5 kr.\/barn) <\/td><\/tr><\/tbody><\/table><\/figure>\n\n\n\n<figure class=\"wp-block-table is-style-stripes\"><table><tbody><tr><td><strong>KL 18:00 &#8211; 18:30<\/strong>        Afslutning i g\u00e5rdomr\u00e5det<\/td><\/tr><tr><td><\/td><\/tr><\/tbody><\/table><\/figure>\n\n\n\n<p><\/p>\n\n\n\n<figure class=\"wp-block-table is-style-stripes\"><table><tbody><tr><td><strong>Gruppe 0. 0. klasserne. placering: Annekset<\/strong><\/td><\/tr><tr><td>Vi har tre forskellige v\u00e6rksteder i 0. klasserne. Et naturv\u00e6rksted, hvor vi har v\u00e6ret kreative med ting vi har fundet i naturen.&nbsp;<br>Et julev\u00e6rksted hvor vi har lavet forskellige slags julehjerter og et collagev\u00e6rksted, hvor vi laver flotte dyr.<br><\/td><\/tr><\/tbody><\/table><\/figure>\n\n\n\n<figure class=\"wp-block-table is-style-stripes\"><table><tbody><tr><td><strong>Gruppe 1. Loppemarked. Placering: Gym-salen<\/strong><\/td><\/tr><tr><td>Her f\u00e5r du fingrene i (genbrugs)-guldet og skal finde din indre krejler frem. M\u00e5ske finder du et sj\u00e6ldent Pokemonkort eller en sej fodboldtr\u00f8je p\u00e5 loppemarkedet .<br>Velkommen til ISJ\u2019s fedeste loppemarked.<br>Vi har ogs\u00e5 mange fine donationer fra lokalomr\u00e5det f.eks. Kontra Kaffe, Moshi Moshi mf.<br><\/td><\/tr><\/tbody><\/table><\/figure>\n\n\n\n<figure class=\"wp-block-table is-style-stripes\"><table><tbody><tr><td><strong>Gruppe 2. Mad &#8211; ingen madspild. Placering: labyrinten i g\u00e5rden<\/strong><\/td><\/tr><tr><td>Vi har p\u00e5 hold 2 arbejdet med hvordan madvarer transporteres fra forskellige steder inden de lander i supermarkedet og CO2-aftrykket i forbindelse med transporten af disse madvarer.<br>Eleverne har snakket om, at f\u00f8devarer der er til overs, stadig kan bruges i retter, som kan smage godt.<br>Vi har sammen med hold 11 lavet et opskriftsh\u00e6fte med fokus p\u00e5 brug af overskudsmad.&nbsp;<br><br>Opskriftsh\u00e6ftet kan k\u00f8bes for 20 kr.&nbsp;<br><\/td><\/tr><\/tbody><\/table><\/figure>\n\n\n\n<figure class=\"wp-block-table is-style-stripes\"><table><tbody><tr><td><strong>Gruppe 3. Decoupage. Placering: Den store bane<\/strong><\/td><\/tr><tr><td>Decoupage er en uds\u00f8gt dekorationskunst, der stammer tilbage fra 1800-tallet. Papir og servietter bliver klippet sirligt ud og limet p\u00e5 \u00e6sker, krukker, syltet\u00f8jsglas, b\u00f8jler og andet for derefter at blive lakeret. Elever fra 1.-5. klasse har brugt deres fantasti og kreative evner til at give nyt liv til aflagte ting, der ellers ville v\u00e6re blevet smidt ud. Der er b\u00e5de fantastiske brugsgenstande og unikke kunstv\u00e6rker som aldrig set f\u00f8r.<\/td><\/tr><\/tbody><\/table><\/figure>\n\n\n\n<figure class=\"wp-block-table is-style-stripes\"><table><tbody><tr><td><strong>Gruppe 4. Arcade\/ computerspil. Placering: lokale 13\/14<\/strong><\/td><\/tr><tr><td>Vi har valgt at s\u00e6lge kuponer ved vores workshop. Hvert spil kommer til at koste mellem 1-3 kuponer at spille. Vores produkt(er) best\u00e5r af forskellige arkadespil, som b\u00e5de er udviklet med Micro:bit og\/eller Scratch. Tanken er, at vores lokale bliver udsmykket som en spillehal med brug af pap. Hos os kan man spille forskellige arkadespil i form af:<br>Pongspil<br>\u2018Shooterspil\u2019<br>Andedam<br>Clickerspil<br>Racerspil<br>Hoopspil<br>Trash drop!<br>Og meget andet!<br><br>Prisen for 1 kupon er 2 kr. og man kan k\u00f8be dem i bundter af:<br>5 (10 kr.)<br>10 (20 kr.)<br>25 + 3 (50 kr.)4<\/td><\/tr><\/tbody><\/table><\/figure>\n\n\n\n<figure class=\"wp-block-table is-style-stripes\"><table><tbody><tr><td><strong>Gruppe 5. Halloweendekorationer fra naturen. Placering: H\u00f8jre side af den store fodboldbane<\/strong><\/td><\/tr><tr><td>Vi har lavet kunst fra naturen. Vi har brugt blade, kastanjer og sten. Vi har ogs\u00e5 genbrugt glas, garn, papir og gr\u00e6skar.<br>Der vil v\u00e6re mulighed for at k\u00f8be de ting, vi har lavet:<br><br>Malede sten : 5-20,-<br>Sp\u00f8gelser: 10,-<br>Kastanje-edderkopper: 10-15,-<br>Lanterner: 10,-<br>Gr\u00e6skar : 20-30,-<br><\/td><\/tr><\/tbody><\/table><\/figure>\n\n\n\n<figure class=\"wp-block-table is-style-stripes\"><table><tbody><tr><td><strong>Gruppe 6. Den levende fort\u00e6lling. Placering: I annekset<\/strong><\/td><\/tr><tr><td>Kom og f\u00e5 en magisk lytteoplevelse i &#8220;fort\u00e6lleboden&#8221;. Her kan du k\u00f8be entre til gode historier i alle genrer fortalt af levende b\u00f8rn.<br>Vi s\u00e6lger ogs\u00e5 fine postkort med seks-ords-historier (inspireret af Hemmingway).<br><br>Entre: 5,-<br>Postkort: 5,-<br><br><\/td><\/tr><\/tbody><\/table><\/figure>\n\n\n\n<figure class=\"wp-block-table is-style-stripes\"><table><tbody><tr><td><strong>Gruppe 7. \u00c6sker, smykker og n\u00f8gleringe. Placering: Legepladsen ved annekset<\/strong><\/td><\/tr><tr><td>I vores v\u00e6rksted har vi lavet flotte \u00e6sker i mange st\u00f8rrelser, armb\u00e5nd fremstillet af forskellige genbrugsmaterialer og n\u00f8gleringe.<br><br><\/td><\/tr><\/tbody><\/table><\/figure>\n\n\n\n<figure class=\"wp-block-table is-style-stripes\"><table><tbody><tr><td><strong>Gruppe 8. H\u00e6ngende potteplanter. Placering: Ved klatrestativet<\/strong><\/td><\/tr><tr><td>Hold 8 har knoklet hele ugen med at knytte flotte oph\u00e6ng og at male potter.&nbsp; Dem s\u00e6lger vi til en meget gunstig pris i dag. De kan bruges som gaver, eller bare hjemme til at pynte flot i stuen eller i k\u00f8kkenet. Kun fantasien s\u00e6tter gr\u00e6nser. Vi er stolte af vores arbejde!<br><br>Priser:<br>Oph\u00e6ng med potte &#8211; 30kr<br>Stor potte &#8211; 20 kr<br>Mellem &#8211; 15 kr<br>Lille &#8211; 10 kr<br><\/td><\/tr><\/tbody><\/table><\/figure>\n\n\n\n<figure class=\"wp-block-table is-style-stripes\"><table><tbody><tr><td><strong>Gruppe 9. Kondition og styrke. Placering: Inde p\u00e5 den lille fodboldbane<\/strong><\/td><\/tr><tr><td>P\u00e5 v\u00e6rkstedet 9. Kondition og styrke kommer vi IKKE til at producere produkter, der skal s\u00e6lges. Dog forventer vi at ville lave plancher og modeller af hjertet, lungerne (og musklerne), som skal udstilles i de to lokaler, som vi har f\u00e5et stillet til r\u00e5dighed. Vi har p\u00e5 v\u00e6rkstedet set film og modeller af hjertet, lungerne og musklerne og tegnet organerne. Der er ogs\u00e5 blevet sk\u00e5ret i og fremvist hjertet fra en gris. I g\u00e5r lavede vi lege og \u00f8velser i hallen, i dag var der l\u00f8betest og i morgen skal eleverne lave forskellige styrke\u00f8velser. Klasserne har p\u00e5 skift haft sund morgenmad med, som vi har smagt p\u00e5 og talt om.<\/td><\/tr><\/tbody><\/table><\/figure>\n\n\n\n<figure class=\"wp-block-table is-style-stripes\"><table><tbody><tr><td><strong>Gruppe 10. Uhyggelige halloweenhuse. Placering: Ved gul trappe<\/strong><\/td><\/tr><tr><td>P\u00e5 v\u00e6rkstedet med uhyggelige halloween huse, laver vi ikke kun huse. N\u00e6nej, vi har ogs\u00e5 gang i et mindre lanterne-projekt, som ogs\u00e5 kan blive solgt p\u00e5 torsdag. Vi har forskellige st\u00f8rrelser p\u00e5 b\u00e5de lanterner og huse <br><br>Derfor kommer priserne til at variere fra 5-50kr. \ud83d\ude42<\/td><\/tr><\/tbody><\/table><\/figure>\n\n\n\n<figure class=\"wp-block-table is-style-stripes\"><table><tbody><tr><td><strong>Gruppe 11. Stop madspild. Placering: Lokale 15<\/strong><\/td><\/tr><tr><td>Madspild hjemme hos dig selv, i butikkerne, i restauranter, kantiner og stork\u00f8kkener, i f\u00f8devareindustrien, i indpakningen\/emballagen, madspild og klima.&nbsp;<br>Eleverne arbejder i en fast redaktionsgruppe, hvor de researcher \u00e9t af ovenst\u00e5ende emner, og derefter laver de mindst en medieproduktion om emnet (artikel, kampagne, nyhedsblog), som de vil fremvise i 4b\u2019s klasselokale p\u00e5 1. sal. <br><br>De vil ogs\u00e5 kreere en opskriftsbog sammen med den yngre madspildsgruppe, som de vil s\u00e6lge i en bod i g\u00e5rden.<br><\/td><\/tr><\/tbody><\/table><\/figure>\n\n\n\n<figure class=\"wp-block-table is-style-stripes\"><table><tbody><tr><td><strong>Gruppe 12. Flettet tekstiler. Placering: Ved klatrestativet<\/strong><\/td><\/tr><tr><td>Vidste du at tekstilindustrien er noget af det mest belastende for vores milj\u00f8? Og at vi hvert \u00e5r kasserer mere end 677 tons t\u00f8j!<br>I gruppe 12 har vi indsamlet t\u00f8j og stofrester. Af dette har vi produceret vores eget garn, som vi har flettet i lange baner. Garnet er blevet brugt til at lave de smukkeste bordsk\u00e5nere og n\u00f8gleringe.<br>Vi har revet, flettet, syet og v\u00e6ret kreative. Kom k\u00f8b vores brugbare og farverige sager.<br><br>Bordsk\u00e5nere 50 kroner<br>N\u00f8gleringe 35 kroner<br><\/td><\/tr><\/tbody><\/table><\/figure>\n\n\n\n<figure class=\"wp-block-table is-style-stripes\"><table><tbody><tr><td><strong>Gruppe 13. H\u00e6klet scrunchies. Placering: Ved klatrestativet<\/strong><\/td><\/tr><tr><td>Gruppen har hele ugen h\u00e6klet l\u00e6kre scrunchies, tasker og armb\u00e5nd i smukke og harmoniske farver; selvf\u00f8lgelig i naturmaterialer.&nbsp;<br>Kan k\u00f8bes til:<br><br>Scrunchies 20,- \/ 25,-<br><br>Tasker: 50 ,-<br><br>Armb\u00e5nd: 5 ,-<br><\/td><\/tr><\/tbody><\/table><\/figure>\n\n\n\n<figure class=\"wp-block-table is-style-stripes\"><table><tbody><tr><td><strong>Gruppe 14. Skamler og overtr\u00e6k. Placering: Ved klatrestativet<\/strong><\/td><\/tr><tr><td>I gruppe 14 har de samlet skamler fra den gamle gymnastiksal, hvorefter de er blevet malet med forskellige farver og m\u00f8nstre.&nbsp;<br><br>Skamlerne s\u00e6lges i standen fra 200,- stk.<br><\/td><\/tr><\/tbody><\/table><\/figure>\n\n\n\n<figure class=\"wp-block-table is-style-stripes\"><table><tbody><tr><td><strong>Gruppe 15: Poetry Caf\u00e9 with book assessories. Placering: Lokale 17<\/strong><\/td><\/tr><tr><td>Please join us at our Poetry Caf\u00e9 on Thursday!<br>&nbsp;<br>We will be presenting research posters on different aspects of the climate crisis with possible solutions that are in place to solve these crises.<br>Students will be reading\/performing the poems they&#8217;ve written connected to the themes of the climate using photographs as inspiration.&nbsp;<br><br>You can buy book accessories for your home. Prices range from 10-20 kr depending on size and design.&nbsp;<br>&nbsp;<br>You can also buy fabric book bags. Prices range from 20-30 kr per bag depending on material, size and design.&nbsp;<br>&nbsp;<br>Lastly, we&#8217;ll be selling baked goods (5kr) and hot tea to enjoy while listening to our talented students!<\/td><\/tr><\/tbody><\/table><\/figure>\n\n\n\n<figure class=\"wp-block-table is-style-stripes\"><table><tbody><tr><td><strong>Gruppe 16. \u00d8kosystemer. Placering: Foran annekset<\/strong><\/td><\/tr><tr><td>Her i gruppen har vi arbejdet med b\u00e5de sm\u00e5 og store&nbsp; \u00f8kosystemer i glas. Vi har talt om, hvordan stort set alt i naturen genbruges. \u00d8kosystemer er et billede p\u00e5, hvordan det kan lykkedes at v\u00e6re 100% b\u00e6redygtig.&nbsp;<br><br>Plante: 20,-<br>Lille \u00f8kosystem: 30,-<br>Stort \u00f8kosystem: 50,-<br><\/td><\/tr><\/tbody><\/table><\/figure>\n\n\n\n<figure class=\"wp-block-table is-style-stripes\"><table><tbody><tr><td><strong>Gruppe 17. 9. klasserne. Placering: I g\u00e5rden til venstre<\/strong><\/td><\/tr><tr><td>9. klasserne har sammen malet og dekoreret (h\u00f8jre krogen ved hovedindgangen)<br>til at give det gamle r\u00e6kv\u00e6rk nyt liv.&nbsp;<br><br>Vi har ogs\u00e5 f\u00e5et doneret maling, pensler og sprayd\u00e5ser fra de gener\u00f8se for\u00e6ldre.<br><br>Alle elever har f\u00e5et tildelt et stykke af r\u00e6kv\u00e6rket eller b\u00e6nkene, til at dekorere enten individuelt eller sammen med andre.<br><\/td><\/tr><\/tbody><\/table><\/figure>\n\n\n\n<figure class=\"wp-block-table is-style-stripes\"><table><tbody><tr><td><strong>Gruppe 18. 10. klasse. Placering: Ved trappen til terrassen<\/strong><\/td><\/tr><tr><td>10. klasse har i ugen arbejdet med det trettende verdensm\u00e5l \u201cKlima\u201d. De har ogs\u00e5 bes\u00f8gt FN-byen og set den amerikanske dokumentar \u201cNo impact\u201d.&nbsp;<br>Eleverne har derfor produceret f\u00f8lgende produkter, der kan k\u00f8bes:<br><br>Graffiti-kunst: 30,-<br>Badges: 10,-<br>Kunst og smykker: 20,-<br><\/td><\/tr><\/tbody><\/table><\/figure>\n\n\n\n<figure class=\"wp-block-table is-style-stripes\"><table><tbody><tr><td><strong>Gruppe 19. Teater og musik. Placering: Teatersalen<\/strong><\/td><\/tr><tr><td>Holdet har arbejdet p\u00e5 et genbrugsfokuseret musik, drama, dans og sangstykke inkorporeret i et skuespil<br><br>Man kan se forestillingen henholdsvis KL 15:15-15:50, 16:00-16:35 og 16:45-17:10 i teatersalen<br>Husk at man skal k\u00f8be entre biletter til forestillingen.<br><br>Vi ses til en powerfuld forestilling lavet af jeres seje teater-unger<br><br>priserne er 10 kr. per voksen og 5 kr. per barn<\/td><\/tr><\/tbody><\/table><\/figure>\n\n\n\n<figure class=\"wp-block-table is-style-stripes\"><table><tbody><tr><td><strong>Gruppe 20. PR-gruppen. Placering: Biblioteket<\/strong><\/td><\/tr><tr><td>PR-gruppen har v\u00e6ret skolens informationsformidler, som bringer nyheder til henholdsvis elever, for\u00e6ldre og medarbejdere.<br><br>Vi er stadig en aktiv gruppe, som skal holde hovedet koldt mens vi skriver, tjekker og udgiver<br><br>Vi bor p\u00e5 biblioteket, og i m\u00e5 gerne bes\u00f8ge os, men vi kan ikke garantere at vi ikke er ude at rapportere rundt omkring.<br><br>Vi har ogs\u00e5 vores v\u00e6g-avis som h\u00e6nger ude foran biblioteket. Den har vi aktivt arbejdet p\u00e5 hele ugen. Den best\u00e5r af alle vores artikler, som alle er frie til at se.<br><br>Bibleoteket h\u00e5r \u00e5bent hele tiden indtil afslutningshowet starter kl 18:00.<br><\/td><\/tr><\/tbody><\/table><\/figure>\n\n\n\n<p><\/p>\n\n\n\n<figure class=\"wp-block-table is-style-stripes\"><table><tbody><tr><td>Merchandise. Placering: Under halvtaget <\/td><\/tr><tr><td>Morten og Mette s\u00e6lger Merchandise p\u00e5 torsdag -> hoodies, t-shirts og net\u00a0<br>Vi st\u00e5r under halvtaget og har selv skilte og priser.<br><br>20% af vores salg g\u00e5r til indsamlingen.\u00a0<br><\/td><\/tr><\/tbody><\/table><\/figure>\n","protected":false},"excerpt":{"rendered":"<p>Torsdag den 13. oktober 2022 fra kl. 15.00 Vigtige tider: KL 15:00 Indgangen \u00e5bnes KL 15:45 og 16:45 Musical (5. til 8. klasse optr\u00e6der) i teatersalen (pris 20 kr.) KL 16:00 og 16:45 Teater (1. til 8. klasse optr\u00e6der) i Musiklokalet (10 kr.\/ voksen &#8211; 5 kr.\/barn) KL 18:00 &#8211; 18:30 Afslutning i g\u00e5rdomr\u00e5det Gruppe [&hellip;]<\/p>\n","protected":false},"author":2,"featured_media":0,"parent":0,"menu_order":0,"comment_status":"closed","ping_status":"closed","template":"fullwidth-template.php","meta":{"footnotes":""},"class_list":["post-69","page","type-page","status-publish","hentry"],"_links":{"self":[{"href":"https:\/\/wecycle.sanktjoseph.dk\/index.php?rest_route=\/wp\/v2\/pages\/69","targetHints":{"allow":["GET"]}}],"collection":[{"href":"https:\/\/wecycle.sanktjoseph.dk\/index.php?rest_route=\/wp\/v2\/pages"}],"about":[{"href":"https:\/\/wecycle.sanktjoseph.dk\/index.php?rest_route=\/wp\/v2\/types\/page"}],"author":[{"embeddable":true,"href":"https:\/\/wecycle.sanktjoseph.dk\/index.php?rest_route=\/wp\/v2\/users\/2"}],"replies":[{"embeddable":true,"href":"https:\/\/wecycle.sanktjoseph.dk\/index.php?rest_route=%2Fwp%2Fv2%2Fcomments&post=69"}],"version-history":[{"count":3,"href":"https:\/\/wecycle.sanktjoseph.dk\/index.php?rest_route=\/wp\/v2\/pages\/69\/revisions"}],"predecessor-version":[{"id":1219,"href":"https:\/\/wecycle.sanktjoseph.dk\/index.php?rest_route=\/wp\/v2\/pages\/69\/revisions\/1219"}],"wp:attachment":[{"href":"https:\/\/wecycle.sanktjoseph.dk\/index.php?rest_route=%2Fwp%2Fv2%2Fmedia&parent=69"}],"curies":[{"name":"wp","href":"https:\/\/api.w.org\/{rel}","templated":true}]}}