{"id":1362,"date":"2022-10-14T10:29:52","date_gmt":"2022-10-14T08:29:52","guid":{"rendered":"https:\/\/wecycle.sanktjoseph.dk\/?page_id=1362"},"modified":"2022-10-14T11:43:28","modified_gmt":"2022-10-14T09:43:28","slug":"afslutningssang-i-gaarden","status":"publish","type":"page","link":"https:\/\/wecycle.sanktjoseph.dk\/?page_id=1362","title":{"rendered":"Afslutningssang i g\u00e5rden"},"content":{"rendered":"\n<p>Den 13. oktober kl. 18:00, gik festen i gang, for\u00e6ldrene var p\u00e5 plads i g\u00e5rden og eleverne klar til at synge for fuld skrue. Afslutningssangen er en f\u00e6lleskabsbyggende sang, sunget prim\u00e6rt af Katrihne og eleverne. For\u00e6ldrene var klart imponeret, og eleverne stolte. Samtidigt fik for\u00e6ldrene en \u00f8jen\u00e5bner overfor det store energiniveau der var blandt eleverne, selvom de alle havde knoklet i lidt over 8 timer, i v\u00e6rkstederne og boderne.<\/p>\n\n\n\n<figure class=\"wp-block-embed is-type-video is-provider-youtube wp-block-embed-youtube wp-embed-aspect-16-9 wp-has-aspect-ratio\"><div class=\"wp-block-embed__wrapper\">\n<iframe loading=\"lazy\" title=\"WeCycle   Fest i ga\u030arden\" width=\"640\" height=\"360\" src=\"https:\/\/www.youtube.com\/embed\/TojlI8qB9Jw?feature=oembed\" frameborder=\"0\" allow=\"accelerometer; autoplay; clipboard-write; encrypted-media; gyroscope; picture-in-picture; web-share\" referrerpolicy=\"strict-origin-when-cross-origin\" allowfullscreen><\/iframe>\n<\/div><\/figure>\n","protected":false},"excerpt":{"rendered":"<p>Den 13. oktober kl. 18:00, gik festen i gang, for\u00e6ldrene var p\u00e5 plads i g\u00e5rden og eleverne klar til at synge for fuld skrue. Afslutningssangen er en f\u00e6lleskabsbyggende sang, sunget prim\u00e6rt af Katrihne og eleverne. For\u00e6ldrene var klart imponeret, og eleverne stolte. Samtidigt fik for\u00e6ldrene en \u00f8jen\u00e5bner overfor det store energiniveau der var blandt eleverne, [&hellip;]<\/p>\n","protected":false},"author":2,"featured_media":0,"parent":0,"menu_order":0,"comment_status":"closed","ping_status":"closed","template":"","meta":{"footnotes":""},"class_list":["post-1362","page","type-page","status-publish","hentry"],"_links":{"self":[{"href":"https:\/\/wecycle.sanktjoseph.dk\/index.php?rest_route=\/wp\/v2\/pages\/1362","targetHints":{"allow":["GET"]}}],"collection":[{"href":"https:\/\/wecycle.sanktjoseph.dk\/index.php?rest_route=\/wp\/v2\/pages"}],"about":[{"href":"https:\/\/wecycle.sanktjoseph.dk\/index.php?rest_route=\/wp\/v2\/types\/page"}],"author":[{"embeddable":true,"href":"https:\/\/wecycle.sanktjoseph.dk\/index.php?rest_route=\/wp\/v2\/users\/2"}],"replies":[{"embeddable":true,"href":"https:\/\/wecycle.sanktjoseph.dk\/index.php?rest_route=%2Fwp%2Fv2%2Fcomments&post=1362"}],"version-history":[{"count":3,"href":"https:\/\/wecycle.sanktjoseph.dk\/index.php?rest_route=\/wp\/v2\/pages\/1362\/revisions"}],"predecessor-version":[{"id":1406,"href":"https:\/\/wecycle.sanktjoseph.dk\/index.php?rest_route=\/wp\/v2\/pages\/1362\/revisions\/1406"}],"wp:attachment":[{"href":"https:\/\/wecycle.sanktjoseph.dk\/index.php?rest_route=%2Fwp%2Fv2%2Fmedia&parent=1362"}],"curies":[{"name":"wp","href":"https:\/\/api.w.org\/{rel}","templated":true}]}}